{"id":2865,"date":"2023-03-13T08:49:59","date_gmt":"2023-03-13T07:49:59","guid":{"rendered":"https:\/\/www.proselect.be\/?page_id=2865"},"modified":"2025-11-13T16:57:45","modified_gmt":"2025-11-13T15:57:45","slug":"coaching","status":"publish","type":"page","link":"https:\/\/www.proselect.be\/fr\/coaching\/","title":{"rendered":"Coaching"},"content":{"rendered":"<p>Le coaching de carri\u00e8re vous offre une analyse approfondie sur vos attentes, vos talents, vos valeurs et les domaines de vie qui font sens pour vous. Il permet de vous interroger sur vos motivations profondes tant au niveau professionnel que personnel.<\/p>\n<p>Gr\u00e2ce \u00e0 nos outils et \u00e0 l\u2019expertise de nos coachs, nous vous accompagnons sur le chemin de votre \u00e9panouissement.<\/p>\n","protected":false},"excerpt":{"rendered":"<p>Le coaching de carri\u00e8re vous offre une analyse approfondie sur vos attentes, vos talents, vos valeurs et les domaines de [&hellip;]<\/p>\n","protected":false},"author":1,"featured_media":3950,"parent":0,"menu_order":0,"comment_status":"closed","ping_status":"closed","template":"","meta":{"_acf_changed":false,"footnotes":""},"class_list":["post-2865","page","type-page","status-publish","has-post-thumbnail","hentry"],"acf":[],"_links":{"self":[{"href":"https:\/\/www.proselect.be\/fr\/wp-json\/wp\/v2\/pages\/2865","targetHints":{"allow":["GET"]}}],"collection":[{"href":"https:\/\/www.proselect.be\/fr\/wp-json\/wp\/v2\/pages"}],"about":[{"href":"https:\/\/www.proselect.be\/fr\/wp-json\/wp\/v2\/types\/page"}],"author":[{"embeddable":true,"href":"https:\/\/www.proselect.be\/fr\/wp-json\/wp\/v2\/users\/1"}],"replies":[{"embeddable":true,"href":"https:\/\/www.proselect.be\/fr\/wp-json\/wp\/v2\/comments?post=2865"}],"version-history":[{"count":2,"href":"https:\/\/www.proselect.be\/fr\/wp-json\/wp\/v2\/pages\/2865\/revisions"}],"predecessor-version":[{"id":2880,"href":"https:\/\/www.proselect.be\/fr\/wp-json\/wp\/v2\/pages\/2865\/revisions\/2880"}],"wp:featuredmedia":[{"embeddable":true,"href":"https:\/\/www.proselect.be\/fr\/wp-json\/wp\/v2\/media\/3950"}],"wp:attachment":[{"href":"https:\/\/www.proselect.be\/fr\/wp-json\/wp\/v2\/media?parent=2865"}],"curies":[{"name":"wp","href":"https:\/\/api.w.org\/{rel}","templated":true}]}}