{"id":2758,"date":"2023-01-30T08:21:44","date_gmt":"2023-01-30T07:21:44","guid":{"rendered":"https:\/\/www.proselect.be\/?page_id=2758"},"modified":"2025-11-13T17:02:48","modified_gmt":"2025-11-13T16:02:48","slug":"executive-search","status":"publish","type":"page","link":"https:\/\/www.proselect.be\/fr\/executive-search\/","title":{"rendered":"Executive Search"},"content":{"rendered":"<div class=\"wrapper-inner-title\">\n<h2 class=\"title h3\">WINSEARCH met toute son exp\u00e9rience au service de l\u2019Executive Search.<\/h2>\n<h3 class=\"subtitle\">Executive Search &#8211; trouvez les leaders de demain<\/h3>\n<\/div>\n<p>Lorsqu\u2019il est question de <strong>profils de dirigeants<\/strong>\u00a0et de profils \u00ab C-Level \u00bb, les enjeux portent moins sur une liste de comp\u00e9tences que sur des personnalit\u00e9s de leaders, o\u00f9 l\u2019ad\u00e9quation \u00e0 la culture d\u2019entreprise et la capacit\u00e9 \u00e0 faire corps avec sa vision sont essentiels.<\/p>\n<p>Particuli\u00e8rement dans un contexte de \u00ab guerre des talents \u00bb et de secteurs sous pression (Finance, IT, Soins de sant\u00e9, Ing\u00e9nierie\u2026), o\u00f9 le\/la dirigeant.e leader doit avoir cette facult\u00e9 \u00e0 emmener les \u00e9quipes vers ce \u00ab step forward \u00bb qui fait la diff\u00e9rence.<\/p>\n","protected":false},"excerpt":{"rendered":"<p>WINSEARCH met toute son exp\u00e9rience au service de l\u2019Executive Search. Executive Search &#8211; trouvez les leaders de demain Lorsqu\u2019il est [&hellip;]<\/p>\n","protected":false},"author":1,"featured_media":4110,"parent":0,"menu_order":0,"comment_status":"closed","ping_status":"closed","template":"template-page\/executive-search.php","meta":{"_acf_changed":false,"footnotes":""},"class_list":["post-2758","page","type-page","status-publish","has-post-thumbnail","hentry"],"acf":[],"_links":{"self":[{"href":"https:\/\/www.proselect.be\/fr\/wp-json\/wp\/v2\/pages\/2758","targetHints":{"allow":["GET"]}}],"collection":[{"href":"https:\/\/www.proselect.be\/fr\/wp-json\/wp\/v2\/pages"}],"about":[{"href":"https:\/\/www.proselect.be\/fr\/wp-json\/wp\/v2\/types\/page"}],"author":[{"embeddable":true,"href":"https:\/\/www.proselect.be\/fr\/wp-json\/wp\/v2\/users\/1"}],"replies":[{"embeddable":true,"href":"https:\/\/www.proselect.be\/fr\/wp-json\/wp\/v2\/comments?post=2758"}],"version-history":[{"count":10,"href":"https:\/\/www.proselect.be\/fr\/wp-json\/wp\/v2\/pages\/2758\/revisions"}],"predecessor-version":[{"id":3956,"href":"https:\/\/www.proselect.be\/fr\/wp-json\/wp\/v2\/pages\/2758\/revisions\/3956"}],"wp:featuredmedia":[{"embeddable":true,"href":"https:\/\/www.proselect.be\/fr\/wp-json\/wp\/v2\/media\/4110"}],"wp:attachment":[{"href":"https:\/\/www.proselect.be\/fr\/wp-json\/wp\/v2\/media?parent=2758"}],"curies":[{"name":"wp","href":"https:\/\/api.w.org\/{rel}","templated":true}]}}