{"id":2795,"date":"2022-04-25T17:13:35","date_gmt":"2022-04-25T15:13:35","guid":{"rendered":"https:\/\/www.proselect.be\/gamification-rh\/karamba\/"},"modified":"2023-07-26T10:07:19","modified_gmt":"2023-07-26T08:07:19","slug":"karamba","status":"publish","type":"page","link":"https:\/\/www.proselect.be\/en\/gamification-rh\/karamba\/","title":{"rendered":"Karamba"},"content":{"rendered":"<p>Karamba est une application ludique qui vous permet d\u2019animer vos collaborateurs et de les aider \u00e0 atteindre leurs objectifs. Karamba vous permet de manager et motiver vos \u00e9quipes \u00e0 distance.<\/p>\n<p>N\u2019attendez plus la r\u00e9union de d\u00e9briefing pour f\u00e9liciter les d\u00e9fis relev\u00e9s par vos \u00e9quipes !<\/p>\n<p>Karamba est la solution id\u00e9ale pour challenger vos \u00e9quipes ! <b>Boostez<\/b> la motivation, organisez des challenges par r\u00e9gions, par \u00e9quipe ou encore individuelle pour atteindre et <b>d\u00e9passer <\/b>vos objectifs.<\/p>\n","protected":false},"excerpt":{"rendered":"<p>Karamba est une application ludique qui vous permet d\u2019animer vos collaborateurs et de les aider \u00e0 atteindre leurs objectifs. Karamba [&hellip;]<\/p>\n","protected":false},"author":1,"featured_media":0,"parent":2789,"menu_order":0,"comment_status":"closed","ping_status":"closed","template":"","meta":{"_acf_changed":false,"footnotes":""},"class_list":["post-2795","page","type-page","status-publish","hentry"],"acf":[],"_links":{"self":[{"href":"https:\/\/www.proselect.be\/en\/wp-json\/wp\/v2\/pages\/2795","targetHints":{"allow":["GET"]}}],"collection":[{"href":"https:\/\/www.proselect.be\/en\/wp-json\/wp\/v2\/pages"}],"about":[{"href":"https:\/\/www.proselect.be\/en\/wp-json\/wp\/v2\/types\/page"}],"author":[{"embeddable":true,"href":"https:\/\/www.proselect.be\/en\/wp-json\/wp\/v2\/users\/1"}],"replies":[{"embeddable":true,"href":"https:\/\/www.proselect.be\/en\/wp-json\/wp\/v2\/comments?post=2795"}],"version-history":[{"count":1,"href":"https:\/\/www.proselect.be\/en\/wp-json\/wp\/v2\/pages\/2795\/revisions"}],"predecessor-version":[{"id":2984,"href":"https:\/\/www.proselect.be\/en\/wp-json\/wp\/v2\/pages\/2795\/revisions\/2984"}],"up":[{"embeddable":true,"href":"https:\/\/www.proselect.be\/en\/wp-json\/wp\/v2\/pages\/2789"}],"wp:attachment":[{"href":"https:\/\/www.proselect.be\/en\/wp-json\/wp\/v2\/media?parent=2795"}],"curies":[{"name":"wp","href":"https:\/\/api.w.org\/{rel}","templated":true}]}}